{"id":1087,"date":"2020-02-25T13:34:02","date_gmt":"2020-02-25T13:34:02","guid":{"rendered":"http:\/\/zikzag.wgl-demo.net\/?page_id=1087"},"modified":"2021-11-25T05:05:17","modified_gmt":"2021-11-25T04:05:17","slug":"proyectos","status":"publish","type":"page","link":"https:\/\/fotoglass.es\/en\/proyectos\/","title":{"rendered":"Portfolio"},"content":{"rendered":"<div data-elementor-type=\"wp-page\" data-elementor-id=\"1087\" class=\"elementor elementor-1087\" data-elementor-settings=\"[]\">\n\t\t\t\t\t\t<div class=\"elementor-inner\">\n\t\t\t\t\t\t\t<div class=\"elementor-section-wrap\">\n\t\t\t\t\t\t\t<section class=\"elementor-section elementor-top-section elementor-element elementor-element-0c5fb5e elementor-section-boxed elementor-section-height-default elementor-section-height-default\" data-id=\"0c5fb5e\" data-element_type=\"section\">\n\t\t\t\t\t\t<div class=\"elementor-container elementor-column-gap-wider\">\n\t\t\t\t\t\t\t<div class=\"elementor-row\">\n\t\t\t\t\t<div class=\"elementor-column elementor-col-100 elementor-top-column elementor-element elementor-element-cb4421b\" data-id=\"cb4421b\" data-element_type=\"column\">\n\t\t\t<div class=\"elementor-column-wrap elementor-element-populated\">\n\t\t\t\t\t\t\t<div class=\"elementor-widget-wrap\">\n\t\t\t\t\t\t<div class=\"elementor-element elementor-element-7b8bc57 elementor-widget elementor-widget-spacer\" data-id=\"7b8bc57\" data-element_type=\"widget\" data-widget_type=\"spacer.default\">\n\t\t\t\t<div class=\"elementor-widget-container\">\n\t\t\t\t\t<div class=\"elementor-spacer\">\n\t\t\t<div class=\"elementor-spacer-inner\"><\/div>\n\t\t<\/div>\n\t\t\t\t<\/div>\n\t\t\t\t<\/div>\n\t\t\t\t<div class=\"elementor-element elementor-element-27238bd acenter elementor-widget elementor-widget-wgl-double-headings\" data-id=\"27238bd\" data-element_type=\"widget\" data-widget_type=\"wgl-double-headings.default\">\n\t\t\t\t<div class=\"elementor-widget-container\">\n\t\t\t<div class=\"wgl-double_heading\"><div class=\"dbl__subtitle\"><span>APPLYING OUR EXPERTISE<\/span><\/div><h3 class=\"dbl__title-wrapper\"><span class=\"dbl__title\">Featured projects<\/span><\/h3><\/div>\t\t<\/div>\n\t\t\t\t<\/div>\n\t\t\t\t<div class=\"elementor-element elementor-element-c092118 elementor-widget elementor-widget-text-editor\" data-id=\"c092118\" data-element_type=\"widget\" data-widget_type=\"text-editor.default\">\n\t\t\t\t<div class=\"elementor-widget-container\">\n\t\t\t\t\t\t\t\t<div class=\"elementor-text-editor elementor-clearfix\">\n\t\t\t\t<p><span style=\"color: #616161;\"><span>You can get to know us better by seeing some of our projects in different sectors<\/span><\/span><\/p>\t\t\t\t\t<\/div>\n\t\t\t\t\t\t<\/div>\n\t\t\t\t<\/div>\n\t\t\t\t<div class=\"elementor-element elementor-element-8fe3c47 elementor-widget elementor-widget-wgl-portfolio\" data-id=\"8fe3c47\" data-element_type=\"widget\" data-widget_type=\"wgl-portfolio.default\">\n\t\t\t\t<div class=\"elementor-widget-container\">\n\t\t\t<section class=\"wgl_cpt_section\"><div class=\"wgl-portfolio\" id=\"portfolio_module_69df3f7fcb491\"><div class=\"wgl-portfolio_wrapper\"><div class=\"wgl-portfolio_container container-grid row isotope appear-animation anim-fade-in\"  style=\"margin-right:-5px; margin-left:-5px; margin-bottom:-10px;\"><div class=\"wgl-portfolio-list_item-size\" style=\"width: 25%;\"><\/div><article class=\"wgl-portfolio-list_item item wgl_col-6\"  style=\"padding-right:5px; padding-left:5px; padding-bottom:10px\"><div class=\"wgl-portfolio-item_wrapper inside_image always_info_animation\"><div class=\"wgl-portfolio-item_image\"><img src=\"https:\/\/fotoglass.es\/wp-content\/uploads\/2020\/07\/javier-matheu-AHDeiqdiC7Q-unsplash-740x740.jpg\"  alt=\"\" \/><\/div><div class=\"wgl-portfolio-item_description\"><div class=\"portfolio__description\"><div class=\"portfolio__item-title\"><h4 class=\"title\"><a href=\"https:\/\/fotoglass.es\/en\/proyecto\/innovacion-en-instrumental-quirurgico\/\">Innovation in surgical instruments<\/a><\/h4><\/div><div class=\"wgl-portfolio-item_content\"><div class=\"content\">Identification of tumor regions<\/div><\/div><\/div><a href='https:\/\/fotoglass.es\/en\/proyecto\/innovacion-en-instrumental-quirurgico\/' class='portfolio_link single_link'><\/a><\/div><div class=\"overlay\"><\/div><\/div><\/article><article class=\"wgl-portfolio-list_item item wgl_col-6\"  style=\"padding-right:5px; padding-left:5px; padding-bottom:10px\"><div class=\"wgl-portfolio-item_wrapper inside_image always_info_animation\"><div class=\"wgl-portfolio-item_image\"><img src=\"https:\/\/fotoglass.es\/wp-content\/uploads\/2020\/07\/proyectos_0006_Innovacion-textil-740x350.jpg\"  alt=\"\" \/><\/div><div class=\"wgl-portfolio-item_description\"><div class=\"portfolio__description\"><div class=\"portfolio__item-title\"><h4 class=\"title\"><a href=\"https:\/\/fotoglass.es\/en\/proyecto\/innovacion-textil\/\">Intelligent textiles<\/a><\/h4><\/div><div class=\"wgl-portfolio-item_content\"><div class=\"content\">Fabrics that charge with heat and emit light<\/div><\/div><\/div><a href='https:\/\/fotoglass.es\/en\/proyecto\/innovacion-textil\/' class='portfolio_link single_link'><\/a><\/div><div class=\"overlay\"><\/div><\/div><\/article><article class=\"wgl-portfolio-list_item item wgl_col-3\"  style=\"padding-right:5px; padding-left:5px; padding-bottom:10px\"><div class=\"wgl-portfolio-item_wrapper inside_image always_info_animation\"><div class=\"wgl-portfolio-item_image\"><img src=\"https:\/\/fotoglass.es\/wp-content\/uploads\/2020\/07\/proyectos_0005_desinfeccion-covid-UV-740x740.jpg\"  alt=\"\" \/><\/div><div class=\"wgl-portfolio-item_description\"><div class=\"portfolio__description\"><div class=\"portfolio__item-title\"><h4 class=\"title\"><a href=\"https:\/\/fotoglass.es\/en\/proyecto\/desinfeccion-con-uvc-en-la-era-covid\/\">UVC disinfection in the COVID era<\/a><\/h4><\/div><div class=\"wgl-portfolio-item_content\"><div class=\"content\">Commercial devices<\/div><\/div><\/div><a href='https:\/\/fotoglass.es\/en\/proyecto\/desinfeccion-con-uvc-en-la-era-covid\/' class='portfolio_link single_link'><\/a><\/div><div class=\"overlay\"><\/div><\/div><\/article><article class=\"wgl-portfolio-list_item item wgl_col-3\"  style=\"padding-right:5px; padding-left:5px; padding-bottom:10px\"><div class=\"wgl-portfolio-item_wrapper inside_image always_info_animation\"><div class=\"wgl-portfolio-item_image\"><img src=\"https:\/\/fotoglass.es\/wp-content\/uploads\/2020\/07\/proyectos_0004_luz-materiales-decorativos-740x740.jpg\"  alt=\"\" \/><\/div><div class=\"wgl-portfolio-item_description\"><div class=\"portfolio__description\"><div class=\"portfolio__item-title\"><h4 class=\"title\"><a href=\"https:\/\/fotoglass.es\/en\/proyecto\/uso-de-la-luz-en-materiales-decorativos\/\">Use of light in decorative materials<\/a><\/h4><\/div><div class=\"wgl-portfolio-item_content\"><div class=\"content\">Photoluminescence in glassy materials<\/div><\/div><\/div><a href='https:\/\/fotoglass.es\/en\/proyecto\/uso-de-la-luz-en-materiales-decorativos\/' class='portfolio_link single_link'><\/a><\/div><div class=\"overlay\"><\/div><\/div><\/article><article class=\"wgl-portfolio-list_item item wgl_col-6\"  style=\"padding-right:5px; padding-left:5px; padding-bottom:10px\"><div class=\"wgl-portfolio-item_wrapper inside_image always_info_animation\"><div class=\"wgl-portfolio-item_image\"><img src=\"https:\/\/fotoglass.es\/wp-content\/uploads\/2020\/07\/proyectos_0003_color-madera-740x740.jpg\"  alt=\"\" \/><\/div><div class=\"wgl-portfolio-item_description\"><div class=\"portfolio__description\"><div class=\"portfolio__item-title\"><h4 class=\"title\"><a href=\"https:\/\/fotoglass.es\/en\/proyecto\/la-importancia-del-color-en-la-industria-maderera\/\">The importance of colour in the timber industry<\/a><\/h4><\/div><div class=\"wgl-portfolio-item_content\"><div class=\"content\">Prediction and evolution of color in woods<\/div><\/div><\/div><a href='https:\/\/fotoglass.es\/en\/proyecto\/la-importancia-del-color-en-la-industria-maderera\/' class='portfolio_link single_link'><\/a><\/div><div class=\"overlay\"><\/div><\/div><\/article><article class=\"wgl-portfolio-list_item item wgl_col-6\"  style=\"padding-right:5px; padding-left:5px; padding-bottom:10px\"><div class=\"wgl-portfolio-item_wrapper inside_image always_info_animation\"><div class=\"wgl-portfolio-item_image\"><img src=\"https:\/\/fotoglass.es\/wp-content\/uploads\/2020\/07\/proyectos_0002_innovacion-optica-deco-740x350.jpg\"  alt=\"\" \/><\/div><div class=\"wgl-portfolio-item_description\"><div class=\"portfolio__description\"><div class=\"portfolio__item-title\"><h4 class=\"title\"><a href=\"https:\/\/fotoglass.es\/en\/proyecto\/optica-en-la-decoracion-coloreado-de-mosaicos\/\">Optics In Decoration<\/a><\/h4><\/div><div class=\"wgl-portfolio-item_content\"><div class=\"content\">Mosaic coloring<\/div><\/div><\/div><a href='https:\/\/fotoglass.es\/en\/proyecto\/optica-en-la-decoracion-coloreado-de-mosaicos\/' class='portfolio_link single_link'><\/a><\/div><div class=\"overlay\"><\/div><\/div><\/article><article class=\"wgl-portfolio-list_item item wgl_col-3\"  style=\"padding-right:5px; padding-left:5px; padding-bottom:10px\"><div class=\"wgl-portfolio-item_wrapper inside_image always_info_animation\"><div class=\"wgl-portfolio-item_image\"><img src=\"https:\/\/fotoglass.es\/wp-content\/uploads\/2020\/07\/proyectos_0001_colorimetria-alimentacion-740x740.jpg\"  alt=\"\" \/><\/div><div class=\"wgl-portfolio-item_description\"><div class=\"portfolio__description\"><div class=\"portfolio__item-title\"><h4 class=\"title\"><a href=\"https:\/\/fotoglass.es\/en\/proyecto\/colorimetria-aplicada-al-sector-de-la-alimentacion\/\">Colourimetry in food<\/a><\/h4><\/div><div class=\"wgl-portfolio-item_content\"><div class=\"content\">     <\/div><\/div><\/div><a href='https:\/\/fotoglass.es\/en\/proyecto\/colorimetria-aplicada-al-sector-de-la-alimentacion\/' class='portfolio_link single_link'><\/a><\/div><div class=\"overlay\"><\/div><\/div><\/article><article class=\"wgl-portfolio-list_item item wgl_col-3\"  style=\"padding-right:5px; padding-left:5px; padding-bottom:10px\"><div class=\"wgl-portfolio-item_wrapper inside_image always_info_animation\"><div class=\"wgl-portfolio-item_image\"><img src=\"https:\/\/fotoglass.es\/wp-content\/uploads\/2020\/02\/proyectos_0000_desinfeccion-uv-hoteles-740x740.jpg\"  alt=\"\" \/><\/div><div class=\"wgl-portfolio-item_description\"><div class=\"portfolio__description\"><div class=\"portfolio__item-title\"><h4 class=\"title\"><a href=\"https:\/\/fotoglass.es\/en\/proyecto\/desinfeccion-uvc-hoteles\/\">UVC Disinfection in Hotels<\/a><\/h4><\/div><div class=\"wgl-portfolio-item_content\"><div class=\"content\">Cleaning that cannot be seen\r\n<\/div><\/div><\/div><a href='https:\/\/fotoglass.es\/en\/proyecto\/desinfeccion-uvc-hoteles\/' class='portfolio_link single_link'><\/a><\/div><div class=\"overlay\"><\/div><\/div><\/article><\/div><\/div><\/div><\/section>\t\t<\/div>\n\t\t\t\t<\/div>\n\t\t\t\t\t\t<\/div>\n\t\t\t\t\t<\/div>\n\t\t<\/div>\n\t\t\t\t\t\t\t\t<\/div>\n\t\t\t\t\t<\/div>\n\t\t<\/section>\n\t\t\t\t<section class=\"elementor-section elementor-top-section elementor-element elementor-element-d3efc3e elementor-section-boxed elementor-section-height-default elementor-section-height-default\" data-id=\"d3efc3e\" data-element_type=\"section\">\n\t\t\t\t\t\t<div class=\"elementor-container elementor-column-gap-default\">\n\t\t\t\t\t\t\t<div class=\"elementor-row\">\n\t\t\t\t\t<div class=\"elementor-column elementor-col-100 elementor-top-column elementor-element elementor-element-3c7eda1\" data-id=\"3c7eda1\" data-element_type=\"column\">\n\t\t\t<div class=\"elementor-column-wrap elementor-element-populated\">\n\t\t\t\t\t\t\t<div class=\"elementor-widget-wrap\">\n\t\t\t\t\t\t<div class=\"elementor-element elementor-element-0f6335c elementor-widget elementor-widget-spacer\" data-id=\"0f6335c\" data-element_type=\"widget\" data-widget_type=\"spacer.default\">\n\t\t\t\t<div class=\"elementor-widget-container\">\n\t\t\t\t\t<div class=\"elementor-spacer\">\n\t\t\t<div class=\"elementor-spacer-inner\"><\/div>\n\t\t<\/div>\n\t\t\t\t<\/div>\n\t\t\t\t<\/div>\n\t\t\t\t\t\t<\/div>\n\t\t\t\t\t<\/div>\n\t\t<\/div>\n\t\t\t\t\t\t\t\t<\/div>\n\t\t\t\t\t<\/div>\n\t\t<\/section>\n\t\t\t\t\t\t<\/div>\n\t\t\t\t\t\t<\/div>\n\t\t\t\t\t<\/div>","protected":false},"excerpt":{"rendered":"<p>APLICANDO NUESTRO EXPERTISE Proyectos Destacados Puedes conocernos mejor viendo algunos de nuestros proyectos en diferentes sectores Innovaci\u00f3n en instrumental quir\u00fargico Identificaci\u00f3n de regiones tumorales Textiles inteligentes Tejidos que se cargan con el calor y emiten luz Desinfecci\u00f3n con UVC en la era COVID Dispositivos comerciales Uso de la luz en materiales decorativos Fotoluminiscencia en materiales [&hellip;]<\/p>","protected":false},"author":1,"featured_media":0,"parent":0,"menu_order":0,"comment_status":"closed","ping_status":"closed","template":"","meta":[],"_links":{"self":[{"href":"https:\/\/fotoglass.es\/en\/wp-json\/wp\/v2\/pages\/1087"}],"collection":[{"href":"https:\/\/fotoglass.es\/en\/wp-json\/wp\/v2\/pages"}],"about":[{"href":"https:\/\/fotoglass.es\/en\/wp-json\/wp\/v2\/types\/page"}],"author":[{"embeddable":true,"href":"https:\/\/fotoglass.es\/en\/wp-json\/wp\/v2\/users\/1"}],"replies":[{"embeddable":true,"href":"https:\/\/fotoglass.es\/en\/wp-json\/wp\/v2\/comments?post=1087"}],"version-history":[{"count":1,"href":"https:\/\/fotoglass.es\/en\/wp-json\/wp\/v2\/pages\/1087\/revisions"}],"predecessor-version":[{"id":8054,"href":"https:\/\/fotoglass.es\/en\/wp-json\/wp\/v2\/pages\/1087\/revisions\/8054"}],"wp:attachment":[{"href":"https:\/\/fotoglass.es\/en\/wp-json\/wp\/v2\/media?parent=1087"}],"curies":[{"name":"wp","href":"https:\/\/api.w.org\/{rel}","templated":true}]}}