{"id":273,"date":"2020-02-13T18:43:21","date_gmt":"2020-02-13T18:43:21","guid":{"rendered":"http:\/\/zikzag.wgl-demo.net\/?page_id=273"},"modified":"2020-07-22T12:28:59","modified_gmt":"2020-07-22T10:28:59","slug":"expertise","status":"publish","type":"page","link":"https:\/\/fotoglass.es\/en\/expertise\/","title":{"rendered":"Meet our team"},"content":{"rendered":"<div data-elementor-type=\"wp-page\" data-elementor-id=\"273\" class=\"elementor elementor-273\" data-elementor-settings=\"[]\">\n\t\t\t\t\t\t<div class=\"elementor-inner\">\n\t\t\t\t\t\t\t<div class=\"elementor-section-wrap\">\n\t\t\t\t\t\t\t<section class=\"elementor-section elementor-top-section elementor-element elementor-element-7b5a868 elementor-section-full_width elementor-section-height-default elementor-section-height-default\" data-id=\"7b5a868\" data-element_type=\"section\" data-settings=\"{&quot;background_background&quot;:&quot;classic&quot;}\">\n\t\t\t\t\t\t<div class=\"elementor-container elementor-column-gap-default\">\n\t\t\t\t\t\t\t<div class=\"elementor-row\">\n\t\t\t\t\t<div class=\"elementor-column elementor-col-100 elementor-top-column elementor-element elementor-element-1992867\" data-id=\"1992867\" data-element_type=\"column\">\n\t\t\t<div class=\"elementor-column-wrap elementor-element-populated\">\n\t\t\t\t\t\t\t<div class=\"elementor-widget-wrap\">\n\t\t\t\t\t\t<div class=\"elementor-element elementor-element-796c903 elementor-widget elementor-widget-spacer\" data-id=\"796c903\" data-element_type=\"widget\" data-widget_type=\"spacer.default\">\n\t\t\t\t<div class=\"elementor-widget-container\">\n\t\t\t\t\t<div class=\"elementor-spacer\">\n\t\t\t<div class=\"elementor-spacer-inner\"><\/div>\n\t\t<\/div>\n\t\t\t\t<\/div>\n\t\t\t\t<\/div>\n\t\t\t\t<div class=\"elementor-element elementor-element-668e878 elementor-widget elementor-widget-spacer\" data-id=\"668e878\" data-element_type=\"widget\" data-widget_type=\"spacer.default\">\n\t\t\t\t<div class=\"elementor-widget-container\">\n\t\t\t\t\t<div class=\"elementor-spacer\">\n\t\t\t<div class=\"elementor-spacer-inner\"><\/div>\n\t\t<\/div>\n\t\t\t\t<\/div>\n\t\t\t\t<\/div>\n\t\t\t\t\t\t<\/div>\n\t\t\t\t\t<\/div>\n\t\t<\/div>\n\t\t\t\t\t\t\t\t<\/div>\n\t\t\t\t\t<\/div>\n\t\t<\/section>\n\t\t\t\t<section class=\"elementor-section elementor-top-section elementor-element elementor-element-63af410 elementor-section-full_width elementor-section-height-default elementor-section-height-default\" data-id=\"63af410\" data-element_type=\"section\">\n\t\t\t\t\t\t<div class=\"elementor-container elementor-column-gap-default\">\n\t\t\t\t\t\t\t<div class=\"elementor-row\">\n\t\t\t\t\t<div class=\"elementor-column elementor-col-100 elementor-top-column elementor-element elementor-element-86a48c1\" data-id=\"86a48c1\" data-element_type=\"column\">\n\t\t\t<div class=\"elementor-column-wrap\">\n\t\t\t\t\t\t\t<div class=\"elementor-widget-wrap\">\n\t\t\t\t\t\t\t\t<\/div>\n\t\t\t\t\t<\/div>\n\t\t<\/div>\n\t\t\t\t\t\t\t\t<\/div>\n\t\t\t\t\t<\/div>\n\t\t<\/section>\n\t\t\t\t<section class=\"elementor-section elementor-top-section elementor-element elementor-element-dccafce elementor-section-boxed elementor-section-height-default elementor-section-height-default\" data-id=\"dccafce\" data-element_type=\"section\">\n\t\t\t\t\t\t<div class=\"elementor-container elementor-column-gap-default\">\n\t\t\t\t\t\t\t<div class=\"elementor-row\">\n\t\t\t\t\t<div class=\"elementor-column elementor-col-100 elementor-top-column elementor-element elementor-element-4e0207f\" data-id=\"4e0207f\" data-element_type=\"column\">\n\t\t\t<div class=\"elementor-column-wrap elementor-element-populated\">\n\t\t\t\t\t\t\t<div class=\"elementor-widget-wrap\">\n\t\t\t\t\t\t<div class=\"elementor-element elementor-element-24387b6 elementor-widget elementor-widget-spacer\" data-id=\"24387b6\" data-element_type=\"widget\" data-widget_type=\"spacer.default\">\n\t\t\t\t<div class=\"elementor-widget-container\">\n\t\t\t\t\t<div class=\"elementor-spacer\">\n\t\t\t<div class=\"elementor-spacer-inner\"><\/div>\n\t\t<\/div>\n\t\t\t\t<\/div>\n\t\t\t\t<\/div>\n\t\t\t\t\t\t<\/div>\n\t\t\t\t\t<\/div>\n\t\t<\/div>\n\t\t\t\t\t\t\t\t<\/div>\n\t\t\t\t\t<\/div>\n\t\t<\/section>\n\t\t\t\t<section class=\"elementor-section elementor-top-section elementor-element elementor-element-c5076af elementor-section-boxed elementor-section-height-default elementor-section-height-default\" data-id=\"c5076af\" data-element_type=\"section\">\n\t\t\t\t\t\t<div class=\"elementor-container elementor-column-gap-default\">\n\t\t\t\t\t\t\t<div class=\"elementor-row\">\n\t\t\t\t\t<div class=\"elementor-column elementor-col-100 elementor-top-column elementor-element elementor-element-eecee8b\" data-id=\"eecee8b\" data-element_type=\"column\">\n\t\t\t<div class=\"elementor-column-wrap elementor-element-populated\">\n\t\t\t\t\t\t\t<div class=\"elementor-widget-wrap\">\n\t\t\t\t\t\t<div class=\"elementor-element elementor-element-5a27050 elementor-position-left elementor-vertical-align-middle elementor-widget elementor-widget-image-box\" data-id=\"5a27050\" data-element_type=\"widget\" data-widget_type=\"image-box.default\">\n\t\t\t\t<div class=\"elementor-widget-container\">\n\t\t\t<div class=\"elementor-image-box-wrapper\"><figure class=\"elementor-image-box-img\"><img width=\"451\" height=\"382\" src=\"https:\/\/fotoglass.es\/wp-content\/uploads\/2020\/07\/equipo-2-2.png\" class=\"attachment-full size-full\" alt=\"\" loading=\"lazy\" \/><\/figure><div class=\"elementor-image-box-content\"><h3 class=\"elementor-image-box-title\">Jos\u00e9 Luis Fern\u00e1ndez-Luna<\/h3><p class=\"elementor-image-box-description\"><p><span class=\"line\">Scientific Advisor<\/span><p>\n<small><i>Biomedicine Division\n<\/i><\/small>\n<div class=\"descrip-cv\">\n<p>Head of the Cell Signalling and Therapeutic Targets in Cancer research group at IDIVAL. <\/p>\n\n<p>He has been a Research Associate at the Washington University School of Medicine in St. Louis and a member of the board of directors of the Biomedicine Division.  <\/p>\n\n<p>He is a member of the board of directors of the Spanish Association for Cancer Research.\n\nWith 30 years of experience, he has more than 100 international publications and a high rating of scientific excellence, with more than 10,000 citations to his papers and an h-index of 43.<\/p>\n\n<\/div><\/p><\/div><\/div>\t\t<\/div>\n\t\t\t\t<\/div>\n\t\t\t\t<div class=\"elementor-element elementor-element-b522c01 elementor-position-left elementor-vertical-align-middle elementor-widget elementor-widget-image-box\" data-id=\"b522c01\" data-element_type=\"widget\" data-widget_type=\"image-box.default\">\n\t\t\t\t<div class=\"elementor-widget-container\">\n\t\t\t<div class=\"elementor-image-box-wrapper\"><figure class=\"elementor-image-box-img\"><img width=\"451\" height=\"438\" src=\"https:\/\/fotoglass.es\/wp-content\/uploads\/2020\/07\/fotoglass-equipo1.png\" class=\"attachment-full size-full\" alt=\"\" loading=\"lazy\" \/><\/figure><div class=\"elementor-image-box-content\"><h3 class=\"elementor-image-box-title\">Fernando Moreno<\/h3><p class=\"elementor-image-box-description\"><p><span class=\"line\">Scientific Advisor<\/span><p>\n<small><i>Photometry and Radiometry Division<\/i>\n<\/small>\n<div class=\"descrip-cv\">\n<p>Professor at the University of Cantabria, PhD in Science and Co-Director of the Optics Group at the University of Cantabria. He has been Visiting Research Professor at UC San Diego. <\/p>\n\n<p>In 2010 he was named Senior Member of the Optical Society of America (OSA), a recognition for his experience and professional achievements in the field of optics and photonics and where the 162 best scientists from all over the world are listed.<\/p>\n\n<p>In his more than 35 years of experience he has accumulated more than 100 international research publications.\n<\/p>\n<\/div><\/p><\/div><\/div>\t\t<\/div>\n\t\t\t\t<\/div>\n\t\t\t\t\t\t<\/div>\n\t\t\t\t\t<\/div>\n\t\t<\/div>\n\t\t\t\t\t\t\t\t<\/div>\n\t\t\t\t\t<\/div>\n\t\t<\/section>\n\t\t\t\t<section class=\"elementor-section elementor-top-section elementor-element elementor-element-f7e2902 elementor-section-boxed elementor-section-height-default elementor-section-height-default\" data-id=\"f7e2902\" data-element_type=\"section\">\n\t\t\t\t\t\t<div class=\"elementor-container elementor-column-gap-default\">\n\t\t\t\t\t\t\t<div class=\"elementor-row\">\n\t\t\t\t\t<div class=\"elementor-column elementor-col-100 elementor-top-column elementor-element elementor-element-6910649\" data-id=\"6910649\" data-element_type=\"column\">\n\t\t\t<div class=\"elementor-column-wrap elementor-element-populated\">\n\t\t\t\t\t\t\t<div class=\"elementor-widget-wrap\">\n\t\t\t\t\t\t<div class=\"elementor-element elementor-element-070f1e3 elementor-position-left elementor-vertical-align-middle elementor-widget elementor-widget-image-box\" data-id=\"070f1e3\" data-element_type=\"widget\" data-widget_type=\"image-box.default\">\n\t\t\t\t<div class=\"elementor-widget-container\">\n\t\t\t<div class=\"elementor-image-box-wrapper\"><figure class=\"elementor-image-box-img\"><img width=\"451\" height=\"410\" src=\"https:\/\/fotoglass.es\/wp-content\/uploads\/2020\/07\/francisco-gonzales.png\" class=\"attachment-full size-full\" alt=\"\" loading=\"lazy\" \/><\/figure><div class=\"elementor-image-box-content\"><h3 class=\"elementor-image-box-title\">Francisco Gonzalez<\/h3><p class=\"elementor-image-box-description\"><p><span class=\"line\">Scientific Advisor<\/span><p>\n<small><i>Colorimetry Division<\/i><\/small>\n<div class=\"descrip-cv\">\n<p>PhD in and professor at the University of Cantabria. Co-director of the Optics Group at the UC. With more than 40 years of experience, he is co-author of more than 150 articles, 200 conference papers and 6 patents. <\/p>\n\n<p>For more than twenty years he has been collaborating with researchers from international centres, such as the Fresnel Institute in Marseille (France), CNR - NANOTEC, Bari (Italy), Duke University (USA) and the Army Research Laboratory (Maryland, USA). <\/p>\n\n<p>He has participated as principal investigator or collaborating researcher in more than 27 competitive projects (6 of international scope, funded by the Royal Society of London and the US Army) and 20 projects with private companies. \n<\/p>\n<\/div><\/p><\/div><\/div>\t\t<\/div>\n\t\t\t\t<\/div>\n\t\t\t\t<div class=\"elementor-element elementor-element-494bca2 elementor-position-left elementor-vertical-align-middle elementor-widget elementor-widget-image-box\" data-id=\"494bca2\" data-element_type=\"widget\" data-widget_type=\"image-box.default\">\n\t\t\t\t<div class=\"elementor-widget-container\">\n\t\t\t<div class=\"elementor-image-box-wrapper\"><figure class=\"elementor-image-box-img\"><img width=\"451\" height=\"382\" src=\"https:\/\/fotoglass.es\/wp-content\/uploads\/2020\/07\/fotoglass-equipo3.png\" class=\"attachment-full size-full\" alt=\"\" loading=\"lazy\" \/><\/figure><div class=\"elementor-image-box-content\"><h3 class=\"elementor-image-box-title\">Ver\u00f3nica Vidal S\u00e1nchez<\/h3><p class=\"elementor-image-box-description\"><p><span class=\"line\">R &amp; D<\/span><p>\n<small><i>PhD in Molecular Biology and Biomedicine\n<\/i><\/small>\n<div class=\"descrip-cv\">\n<p>She has done postdoctoral work in Neurobiology of Learning at the University of Cantabria. <\/p>\n\n<p>She has also worked in the Cell Signalling and Therapeutic Targets in Cancer group at the Valdecilla Institute for Health Research (IDIVAL).<\/p>\n<\/div><\/p><\/div><\/div>\t\t<\/div>\n\t\t\t\t<\/div>\n\t\t\t\t\t\t<\/div>\n\t\t\t\t\t<\/div>\n\t\t<\/div>\n\t\t\t\t\t\t\t\t<\/div>\n\t\t\t\t\t<\/div>\n\t\t<\/section>\n\t\t\t\t\t\t<\/div>\n\t\t\t\t\t\t<\/div>\n\t\t\t\t\t<\/div>","protected":false},"excerpt":{"rendered":"<p>Jos\u00e9 Luis Fern\u00e1ndez-Luna Asesor cient\u00edfico Divisi\u00f3n Biomedicina Responsable del grupo de investigaci\u00f3n en Se\u00f1alizaci\u00f3n Celular y Dianas Terap\u00e9uticas en C\u00e1ncer de IDIVAL. Ha sido Investigador Asociado en la Washington University School of Medicine en St. Louis y miembro de la junta directiva de la Asociaci\u00f3n Espa\u00f1ola de Investigaci\u00f3n sobre el C\u00e1ncer. Con 30 a\u00f1os de [&hellip;]<\/p>","protected":false},"author":1,"featured_media":0,"parent":0,"menu_order":0,"comment_status":"closed","ping_status":"closed","template":"","meta":[],"_links":{"self":[{"href":"https:\/\/fotoglass.es\/en\/wp-json\/wp\/v2\/pages\/273"}],"collection":[{"href":"https:\/\/fotoglass.es\/en\/wp-json\/wp\/v2\/pages"}],"about":[{"href":"https:\/\/fotoglass.es\/en\/wp-json\/wp\/v2\/types\/page"}],"author":[{"embeddable":true,"href":"https:\/\/fotoglass.es\/en\/wp-json\/wp\/v2\/users\/1"}],"replies":[{"embeddable":true,"href":"https:\/\/fotoglass.es\/en\/wp-json\/wp\/v2\/comments?post=273"}],"version-history":[{"count":0,"href":"https:\/\/fotoglass.es\/en\/wp-json\/wp\/v2\/pages\/273\/revisions"}],"wp:attachment":[{"href":"https:\/\/fotoglass.es\/en\/wp-json\/wp\/v2\/media?parent=273"}],"curies":[{"name":"wp","href":"https:\/\/api.w.org\/{rel}","templated":true}]}}