{"id":3,"date":"2020-06-30T11:11:32","date_gmt":"2020-06-30T11:11:32","guid":{"rendered":"http:\/\/fotoglass.es\/?page_id=3"},"modified":"2021-02-01T16:37:52","modified_gmt":"2021-02-01T15:37:52","slug":"politica-privacidad","status":"publish","type":"page","link":"https:\/\/fotoglass.es\/en\/politica-privacidad\/","title":{"rendered":"Privacy Policy"},"content":{"rendered":"<div data-elementor-type=\"wp-page\" data-elementor-id=\"3\" class=\"elementor elementor-3\" data-elementor-settings=\"[]\">\n\t\t\t\t\t\t<div class=\"elementor-inner\">\n\t\t\t\t\t\t\t<div class=\"elementor-section-wrap\">\n\t\t\t\t\t\t\t<section class=\"elementor-section elementor-top-section elementor-element elementor-element-e1a41e3 elementor-section-boxed elementor-section-height-default elementor-section-height-default\" data-id=\"e1a41e3\" data-element_type=\"section\">\n\t\t\t\t\t\t<div class=\"elementor-container elementor-column-gap-default\">\n\t\t\t\t\t\t\t<div class=\"elementor-row\">\n\t\t\t\t\t<div class=\"elementor-column elementor-col-100 elementor-top-column elementor-element elementor-element-5c45f65c\" data-id=\"5c45f65c\" data-element_type=\"column\">\n\t\t\t<div class=\"elementor-column-wrap elementor-element-populated\">\n\t\t\t\t\t\t\t<div class=\"elementor-widget-wrap\">\n\t\t\t\t\t\t<div class=\"elementor-element elementor-element-734f4d4f elementor-widget elementor-widget-text-editor\" data-id=\"734f4d4f\" data-element_type=\"widget\" data-widget_type=\"text-editor.default\">\n\t\t\t\t<div class=\"elementor-widget-container\">\n\t\t\t\t\t\t\t\t<div class=\"elementor-text-editor elementor-clearfix\">\n\t\t\t\t<p>Informaci\u00f3n detallada sobre Protecci\u00f3n de Datos<\/p><p><strong>1. Responsable<\/strong><\/p><p><strong>1.1. Responsable del tratamiento:<\/strong><\/p><p><span style=\"color: #333333;\"><b>FOTOGLASS S.L<\/b><br \/><b>B39702295<\/b><\/span><br \/>B\u00ba Borrancho s\/n, 39199, Soto de la Marina, Cantabria<br \/>Correo electr\u00f3nico: info@fotoglass.es<\/p><p><strong>1.2. Delegado de Protecci\u00f3n de Datos (DPD):<\/strong><\/p><p>En el supuesto de que Fotoglass S.L designe un DPD m\u00e1s adelante, en el momento de la designaci\u00f3n del mismo, se publicar\u00e1n los datos (tel\u00e9fono y correo electr\u00f3nico) de dicho DPD en la p\u00e1gina web www.fotoglass.es<\/p><p><strong>2. Finalidades del tratamiento<\/strong><\/p><p>Sus datos se podr\u00e1n utilizar para:<\/p><p>\u2013 Tramitar la consulta\/solicitud por usted planteada.<\/p><p>\u2013 Remitirle a trav\u00e9s de cualquier medio, incluidos los electr\u00f3nicos, informaci\u00f3n comercial sobre nuestros productos.<\/p><p><strong>3. Legitimaci\u00f3n<\/strong><\/p><p>La base legal para el tratamiento de sus datos es la gesti\u00f3n de una solicitud planteada por usted, La legitimidad de las comunicaciones comerciales en relaci\u00f3n con nuestros productos y servicios, est\u00e1 basada en el consentimiento que a estos efectos le hemos solicitado.<\/p><p>Todos los datos solicitados en el formulario son de obligada cumplimentaci\u00f3n, si no los indica, Fotoglass S.L no podr\u00e1 atender su solicitud.<\/p><p>La negativa y\/o revocaci\u00f3n del consentimiento para env\u00edos publicitarios en ning\u00fan caso condicionar\u00e1 la gesti\u00f3n de su solicitud, siempre que nos haya dado su consentimiento para la tramitaci\u00f3n de dicha solicitud.<\/p><p><strong>4. Plazos\/criterios de conservaci\u00f3n de los datos<\/strong><\/p><p>Sus datos personales se conservar\u00e1n mientras se tramita su consulta\/solicitud, y para la finalidad del env\u00edo de publicidad, mientras no se revoque el consentimiento para ello, en cuyo caso, los datos se suprimir\u00e1n, entendiendo supresi\u00f3n como bloqueo de los mismos, en este sentido, los datos bloqueados quedar\u00e1n a disposici\u00f3n exclusiva del tribunal, el Ministerio Fiscal u otras Administraciones P\u00fablicas competentes, en particular de las autoridades de protecci\u00f3n de datos, para la exigencia de posibles responsabilidades derivadas del tratamiento y por el plazo de prescripci\u00f3n de las mismas.<\/p><p><strong>5. Destinatarios<\/strong><\/p><p>No se prev\u00e9 llevar a cabo comunicaciones de datos a terceros, salvo obligaci\u00f3n legal.<\/p><p>No se van a llevar a cabo transferencias de datos a terceros pa\u00edses sitos fuera de la Uni\u00f3n Europea.<\/p><p><strong>6. Derechos<\/strong><\/p><p><strong>6.1. Ejercicio de derechos:<\/strong> si desea ejercitar los derechos que le asisten de acceso, rectificaci\u00f3n, supresi\u00f3n, portabilidad de sus datos, as\u00ed como la limitaci\u00f3n u oposici\u00f3n a su tratamiento, le rogamos remita un escrito dirigido a Fotoglass S.L, a la direcci\u00f3n indicada anteriormente, o al correo electr\u00f3nico info@fotoglass.es, con la referencia Protecci\u00f3n de Datos Usuarios web, adjuntando copia de su DNI o documento identificativo equivalente.<\/p><p><strong>6.2. Derecho retirada consentimiento:<\/strong> usted puede revocar en cualquier momento el consentimiento prestado para el tratamiento de sus datos mediante un escrito dirigido a Fotoglass S.L a la direcci\u00f3n indicada anteriormente, o al correo electr\u00f3nico info@fotoglass.es, con la referencia Protecci\u00f3n de Datos Usuarios web, adjuntando copia de su DNI o documento identificativo equivalente, sin que esta revocaci\u00f3n del consentimiento afecte al tratamiento basado en el consentimiento previo a su retirada.<\/p><p><strong>6.3. Reclamaci\u00f3n:<\/strong> En todo caso, usted podr\u00e1, si entiende que sus derechos han sido vulnerados, interponer una reclamaci\u00f3n ante la Agencia Espa\u00f1ola de Protecci\u00f3n de Datos, con domicilio en calle Jorge Juan 6, 28001 de Madrid, tel\u00e9fono 901 100 099, y sitio web www.agpd.es<\/p>\t\t\t\t\t<\/div>\n\t\t\t\t\t\t<\/div>\n\t\t\t\t<\/div>\n\t\t\t\t\t\t<\/div>\n\t\t\t\t\t<\/div>\n\t\t<\/div>\n\t\t\t\t\t\t\t\t<\/div>\n\t\t\t\t\t<\/div>\n\t\t<\/section>\n\t\t\t\t\t\t<\/div>\n\t\t\t\t\t\t<\/div>\n\t\t\t\t\t<\/div>","protected":false},"excerpt":{"rendered":"<p>Informaci\u00f3n detallada sobre Protecci\u00f3n de Datos 1. Responsable 1.1. Responsable del tratamiento: FOTOGLASS S.LB39702295B\u00ba Borrancho s\/n, 39199, Soto de la Marina, CantabriaCorreo electr\u00f3nico: info@fotoglass.es 1.2. Delegado de Protecci\u00f3n de Datos (DPD): En el supuesto de que Fotoglass S.L designe un DPD m\u00e1s adelante, en el momento de la designaci\u00f3n del mismo, se publicar\u00e1n los datos [&hellip;]<\/p>","protected":false},"author":1,"featured_media":0,"parent":0,"menu_order":0,"comment_status":"closed","ping_status":"open","template":"","meta":[],"_links":{"self":[{"href":"https:\/\/fotoglass.es\/en\/wp-json\/wp\/v2\/pages\/3"}],"collection":[{"href":"https:\/\/fotoglass.es\/en\/wp-json\/wp\/v2\/pages"}],"about":[{"href":"https:\/\/fotoglass.es\/en\/wp-json\/wp\/v2\/types\/page"}],"author":[{"embeddable":true,"href":"https:\/\/fotoglass.es\/en\/wp-json\/wp\/v2\/users\/1"}],"replies":[{"embeddable":true,"href":"https:\/\/fotoglass.es\/en\/wp-json\/wp\/v2\/comments?post=3"}],"version-history":[{"count":0,"href":"https:\/\/fotoglass.es\/en\/wp-json\/wp\/v2\/pages\/3\/revisions"}],"wp:attachment":[{"href":"https:\/\/fotoglass.es\/en\/wp-json\/wp\/v2\/media?parent=3"}],"curies":[{"name":"wp","href":"https:\/\/api.w.org\/{rel}","templated":true}]}}